{"id":12,"date":"2024-06-13T10:58:51","date_gmt":"2024-06-13T10:58:51","guid":{"rendered":"http:\/\/www.chaba.com.tr\/?page_id=12"},"modified":"2025-01-04T18:26:55","modified_gmt":"2025-01-04T18:26:55","slug":"anasayfa","status":"publish","type":"page","link":"https:\/\/www.chaba.com.tr\/","title":{"rendered":""},"content":{"rendered":"\n<h2 class=\"wp-block-heading has-text-align-center\">Hakk\u0131m\u0131zda<\/h2>\n\n\n\n<p>Chaba M\u00fchendislik olarak, m\u00fchendislik d\u00fcnyas\u0131nda yenilik\u00e7i ve g\u00fcvenilir \u00e7\u00f6z\u00fcmler sunmak i\u00e7in buraday\u0131z. Y\u00fcksek standartlarda tasar\u0131m, analiz, optimizasyon, tersine m\u00fchendislik, dan\u0131\u015fmanl\u0131k, prototip \u00fcretimi ve test takibi hizmetleriyle m\u00fc\u015fterilerimizin projelerine de\u011fer katmay\u0131 hedefliyoruz. <\/p>\n\n\n\n<p>Otomotiv, havac\u0131l\u0131k, savunma sanayii ve daha bir\u00e7ok sekt\u00f6rdeki deneyimimizle, projelerinizi daha verimli, dayan\u0131kl\u0131 ve s\u00fcrd\u00fcr\u00fclebilir hale getirmek i\u00e7in kapsaml\u0131 m\u00fchendislik \u00e7\u00f6z\u00fcmleri sunuyoruz. Her m\u00fc\u015fterimizin ihtiyac\u0131na \u00f6zel \u00e7\u00f6z\u00fcmler geli\u015ftirerek, proje hedeflerini en iyi \u015fekilde ger\u00e7ekle\u015ftirmeyi ama\u00e7l\u0131yoruz.<\/p>\n\n\n\n<p>G\u00fcncel m\u00fchendislik teknolojilerini ve yaz\u0131l\u0131mlar\u0131n\u0131 kullanarak, en etkili ve yenilik\u00e7i \u00e7\u00f6z\u00fcmleri \u00fcretmeye devam ediyoruz. M\u00fc\u015fteri memnuniyetini esas alarak, g\u00fcvenilir ve kaliteli hizmetler sunma prensibimizden \u00f6d\u00fcn vermeden, i\u015f ortaklar\u0131m\u0131zla uzun vadeli ba\u015far\u0131lar elde etmeyi ama\u00e7l\u0131yoruz.<\/p>\n\n\n\n<p>Projelerinizi ileri ta\u015f\u0131mak ve m\u00fchendislik g\u00fcc\u00fcm\u00fczle gelece\u011fi birlikte in\u015fa etmek i\u00e7in Chaba\u2019ya g\u00fcvenebilirsiniz.<\/p>\n\n\n\n<br><br>\n\n\n<div class=\"n2_clear\"><ss3-force-full-width data-overflow-x=\"body\" data-horizontal-selector=\"body\"><div class=\"n2-section-smartslider fitvidsignore  n2_clear\" data-ssid=\"1\" tabindex=\"0\" role=\"region\" aria-label=\"Slider\"><div id=\"n2-ss-1-align\" class=\"n2-ss-align\"><div class=\"n2-padding\"><div id=\"n2-ss-1\" data-creator=\"Smart Slider 3\" data-responsive=\"fullwidth\" class=\"n2-ss-slider n2-ow n2-has-hover n2notransition  \">\n\n\n\n<div class=\"n2-ss-slider-wrapper-inside\">\n        <div class=\"n2-ss-slider-1 n2_ss__touch_element n2-ow\">\n            <div class=\"n2-ss-slider-2 n2-ow\">\n                                                    <div class=\"n2-ss-background-animation n2-ow\"><\/div>\n                                <div class=\"n2-ss-slider-3 n2-ow\">\n\n                    <div class=\"n2-ss-slide-backgrounds n2-ow-all\"><div class=\"n2-ss-slide-background\" data-public-id=\"1\" data-mode=\"center\"><div data-gradient=\"vertical\" data-color-start=\"RGBA(255,255,255,1)\" data-color-end=\"RGBA(26,50,72,1)\" style=\"background:linear-gradient(to bottom, RGBA(255,255,255,1) 0%,RGBA(26,50,72,1) 100%);\" class=\"n2-ss-slide-background-color\"><\/div><\/div><div class=\"n2-ss-slide-background\" data-public-id=\"2\" data-mode=\"center\"><div data-color=\"RGBA(255,255,255,0)\" style=\"background-color: RGBA(255,255,255,0);\" class=\"n2-ss-slide-background-color\"><\/div><\/div><\/div>                    <div class=\"n2-ss-slider-4 n2-ow\">\n                        <svg xmlns=\"http:\/\/www.w3.org\/2000\/svg\" viewBox=\"0 0 1920 300\" data-related-device=\"desktopPortrait\" class=\"n2-ow n2-ss-preserve-size n2-ss-preserve-size--slider n2-ss-slide-limiter\"><\/svg><div data-first=\"1\" data-slide-duration=\"0\" data-id=\"3\" data-slide-public-id=\"1\" data-title=\"Slide\" class=\"n2-ss-slide n2-ow  n2-ss-slide-3\"><div role=\"note\" class=\"n2-ss-slide--focus\" tabindex=\"-1\">Slide<\/div><div class=\"n2-ss-layers-container n2-ss-slide-limiter n2-ow\"><div class=\"n2-ss-layer n2-ow n-uc-CbQGsunzVkXm\" data-sstype=\"slide\" data-pm=\"default\"><div class=\"n2-ss-layer n2-ow n-uc-gc5ab0xTQ9Xl\" data-pm=\"default\" data-sstype=\"content\" data-hasbackground=\"0\"><div class=\"n2-ss-section-main-content n2-ss-layer-with-background n2-ss-layer-content n2-ow n-uc-gc5ab0xTQ9Xl-inner\"><div class=\"n2-ss-layer n2-ow n-uc-PkmOm5bbnCYS\" data-pm=\"normal\" data-sstype=\"layer\"><div id=\"n2-ss-1item1\" class=\"n2-font-bcd8d00e0ecd87b0a7a397f0976e2a73-hover   n2-ss-item-content n2-ss-text n2-ow\" style=\"display:block;\">FAAL\u0130YET ALANLARIMIZ<\/div><\/div><div class=\"n2-ss-layer n2-ow n2-ss-layer--block n2-ss-has-self-align n-uc-1c455598d931d\" data-pm=\"normal\" data-sstype=\"row\"><div class=\"n2-ss-layer-row n2-ss-layer-with-background n-uc-1c455598d931d-inner\"><div class=\"n2-ss-layer-row-inner \"><div class=\"n2-ss-layer n2-ow n-uc-18a96ec4469f9\" data-pm=\"default\" data-sstype=\"col\"><div class=\"n2-ss-layer-col n2-ss-layer-with-background n2-ss-layer-content n-uc-18a96ec4469f9-inner\"><div class=\"n2-ss-layer n2-ow n-uc-OiAHXtOdspI6\" style=\"overflow:hidden;\" data-pm=\"normal\" data-sstype=\"layer\"><div class=\" n2-ss-item-image-content n2-ss-item-content n2-ow-all\"><img loading=\"lazy\" decoding=\"async\" id=\"n2-ss-1item2\" alt=\"\" class=\"skip-lazy\" width=\"760\" height=\"475\" data-skip-lazy=\"1\" src=\"\/\/www.chaba.com.tr\/wp-content\/uploads\/2024\/10\/thought-leadership-post-on-integration-of-digital-engineering-to-advance-defense-aircraft-designs-web-banner-v2.jpg\" \/><\/div><\/div><div class=\"n2-ss-layer n2-ow n-uc-50uCdOyqrHSI\" data-pm=\"normal\" data-sstype=\"layer\"><div id=\"n2-ss-1item3\" class=\"  n2-ss-item-content n2-ss-text n2-ow\" style=\"display:block;\"><a class=\"n2-ow n2-font-577e3e94d392c80545fffaf7623e9404-hover \" style=\"display:block;\" href=\"https:\/\/www.chaba.com.tr\/index.php\/savunma-sanayi\/\">Havac\u0131l\u0131k &amp; Savunma Sanayi<\/a><\/div><\/div><div class=\"n2-ss-layer n2-ow n-uc-ABOwPd2BqW0P\" data-pm=\"normal\" data-hidetabletportrait=\"1\" data-hidemobileportrait=\"1\" data-sstype=\"layer\"><div class=\"n2-ss-item-content n2-ss-text n2-ow-all\"><div class=\"\"><p class=\"n2-font-525569af08b2b17006fa7a7107c116a1-paragraph   \">Chaba M\u00fchendislik olarak, havac\u0131l\u0131k ve savunma sanayii projelerinde kazand\u0131\u011f\u0131m\u0131z deneyim ve ba\u015far\u0131lar, sekt\u00f6rde g\u00fcvenilir bir \u00e7\u00f6z\u00fcm orta\u011f\u0131 olarak konumlanmam\u0131z\u0131 sa\u011flam\u0131\u015ft\u0131r. Sekt\u00f6rdeki tasar\u0131m \u00e7al\u0131\u015fmalar\u0131m\u0131z\u0131 detayl\u0131 bir \u015fekilde inceleyebilirsiniz.<\/p>\n<\/div><\/div><\/div><div class=\"n2-ss-layer n2-ow n-uc-03iMAzhjQJ9Q n2-ss-layer--auto\" data-pm=\"normal\" data-sstype=\"layer\"><div class=\"n2-ss-button-container n2-ss-item-content n2-ow n2-font-176464dee0eea5b1ac11b21dab9b24d2-link  n2-ss-nowrap n2-ss-button-container--non-full-width\"><a class=\"n2-style-1c48dc3faff1650d1aed87491bea1cd7-heading  n2-ow \" href=\"https:\/\/www.chaba.com.tr\/index.php\/savunma-sanayi\/\"><div><div>Daha Fazla &#8230;<\/div><\/div><\/a><\/div><\/div><\/div><\/div><div class=\"n2-ss-layer n2-ow n-uc-1880a3a55ab54\" data-pm=\"default\" data-sstype=\"col\"><div class=\"n2-ss-layer-col n2-ss-layer-with-background n2-ss-layer-content n-uc-1880a3a55ab54-inner\"><div class=\"n2-ss-layer n2-ow n-uc-17XfCal8uHam\" style=\"overflow:hidden;\" data-pm=\"normal\" data-sstype=\"layer\"><div class=\" n2-ss-item-image-content n2-ss-item-content n2-ow-all\"><img loading=\"lazy\" decoding=\"async\" id=\"n2-ss-1item6\" alt=\"\" class=\"skip-lazy\" width=\"2048\" height=\"1152\" data-skip-lazy=\"1\" src=\"\/\/www.chaba.com.tr\/wp-content\/uploads\/2024\/10\/image001.jpg\" \/><\/div><\/div><div class=\"n2-ss-layer n2-ow n-uc-IQHkRHzgY3ic\" data-pm=\"normal\" data-sstype=\"layer\"><div id=\"n2-ss-1item7\" class=\"  n2-ss-item-content n2-ss-text n2-ow\" style=\"display:block;\"><a class=\"n2-ow n2-font-577e3e94d392c80545fffaf7623e9404-hover \" style=\"display:block;\" href=\"https:\/\/www.chaba.com.tr\/index.php\/otomotiv\/\">Otomotiv<\/a><\/div><\/div><div class=\"n2-ss-layer n2-ow n-uc-CaoWS4lMxsAu\" data-pm=\"normal\" data-hidetabletportrait=\"1\" data-hidemobileportrait=\"1\" data-sstype=\"layer\"><div class=\"n2-ss-item-content n2-ss-text n2-ow-all\"><div class=\"\"><p class=\"n2-font-525569af08b2b17006fa7a7107c116a1-paragraph   \">Otomotiv sekt\u00f6r\u00fcnde uzun y\u0131llar s\u00fcren sa\u011flam bir deneyime sahip olan ve konusunda uzmanla\u015fm\u0131\u015f ekibimizle, sekt\u00f6r\u00fcn zorlu konular\u0131n\u0131 ele al\u0131p, yenilik\u00e7i \u00e7\u00f6z\u00fcmler geli\u015ftiriyoruz. \u015euana kadar y\u00fcr\u00fctt\u00fc\u011f\u00fcm\u00fcz projeler ve yap\u0131lan \u00e7al\u0131\u015fmalar\u0131 inceleyebilirsiniz.<\/p>\n<\/div><\/div><\/div><div class=\"n2-ss-layer n2-ow n-uc-rcS3IIapFycA n2-ss-layer--auto\" data-pm=\"normal\" data-sstype=\"layer\"><div class=\"n2-ss-button-container n2-ss-item-content n2-ow n2-font-176464dee0eea5b1ac11b21dab9b24d2-link  n2-ss-nowrap n2-ss-button-container--non-full-width\"><a class=\"n2-style-1c48dc3faff1650d1aed87491bea1cd7-heading  n2-ow \" href=\"https:\/\/www.chaba.com.tr\/index.php\/otomotiv\/\"><div><div>Daha Fazla &#8230;<\/div><\/div><\/a><\/div><\/div><\/div><\/div><div class=\"n2-ss-layer n2-ow n-uc-193c8fbbf2f7c\" data-pm=\"default\" data-sstype=\"col\"><div class=\"n2-ss-layer-col n2-ss-layer-with-background n2-ss-layer-content n-uc-193c8fbbf2f7c-inner\"><div class=\"n2-ss-layer n2-ow n-uc-wLTbbI3Gz4pP\" style=\"overflow:hidden;\" data-pm=\"normal\" data-sstype=\"layer\"><div class=\" n2-ss-item-image-content n2-ss-item-content n2-ow-all\"><img loading=\"lazy\" decoding=\"async\" id=\"n2-ss-1item10\" alt=\"\" class=\"skip-lazy\" width=\"1140\" height=\"641\" data-skip-lazy=\"1\" src=\"\/\/www.chaba.com.tr\/wp-content\/uploads\/2024\/10\/industrial-design-market-research.webp\" \/><\/div><\/div><div class=\"n2-ss-layer n2-ow n-uc-c7jX3BJIX1Yd\" data-pm=\"normal\" data-sstype=\"layer\"><div id=\"n2-ss-1item11\" class=\"n2-font-577e3e94d392c80545fffaf7623e9404-hover   n2-ss-item-content n2-ss-text n2-ow\" style=\"display:block;\">End\u00fcstriyel<\/div><\/div><div class=\"n2-ss-layer n2-ow n-uc-8NNR1H9Clw6z\" data-pm=\"normal\" data-hidetabletportrait=\"1\" data-hidemobileportrait=\"1\" data-sstype=\"layer\"><div class=\"n2-ss-item-content n2-ss-text n2-ow-all\"><div class=\"\"><p class=\"n2-font-525569af08b2b17006fa7a7107c116a1-paragraph   \">Chaba M\u00fchendislik olarak, end\u00fcstriyel alanda geni\u015f bir yelpazede tasar\u0131m ve analiz projelerinde sa\u011flam bir tecr\u00fcbe biriktirdik. Bu s\u00fcre\u00e7te edindi\u011fimiz derin teknik bilgi ve sekt\u00f6rdeki uzmanl\u0131\u011f\u0131m\u0131zla, m\u00fc\u015fterilerimize \u00f6zelle\u015ftirilmi\u015f \u00e7\u00f6z\u00fcmler sunmaya devam ediyoruz.<\/p>\n<\/div><\/div><\/div><div class=\"n2-ss-layer n2-ow n-uc-jucHfm77A8SF n2-ss-layer--auto\" data-pm=\"normal\" data-sstype=\"layer\"><div class=\"n2-ss-button-container n2-ss-item-content n2-ow n2-font-176464dee0eea5b1ac11b21dab9b24d2-link  n2-ss-nowrap n2-ss-button-container--non-full-width\"><a class=\"n2-style-1c48dc3faff1650d1aed87491bea1cd7-heading  n2-ow \" href=\"https:\/\/www.chaba.com.tr\/index.php\/endustriyel\/\"><div><div>Daha Fazla &#8230;<\/div><\/div><\/a><\/div><\/div><\/div><\/div><\/div><\/div><\/div><\/div><\/div><\/div><\/div><\/div><div data-slide-duration=\"0\" data-id=\"8\" data-slide-public-id=\"2\" data-title=\"Slide\" class=\"n2-ss-slide n2-ow  n2-ss-slide-8\"><div role=\"note\" class=\"n2-ss-slide--focus\" tabindex=\"-1\">Slide<\/div><div class=\"n2-ss-layers-container n2-ss-slide-limiter n2-ow\"><div class=\"n2-ss-layer n2-ow n-uc-jqRYvHazE2Nc\" data-sstype=\"slide\" data-pm=\"default\"><div class=\"n2-ss-layer n2-ow n-uc-8pCDZSnT2iVQ\" data-pm=\"default\" data-sstype=\"content\" data-hasbackground=\"0\"><div class=\"n2-ss-section-main-content n2-ss-layer-with-background n2-ss-layer-content n2-ow n-uc-8pCDZSnT2iVQ-inner\"><div class=\"n2-ss-layer n2-ow n-uc-myaJGY9htcdz\" data-pm=\"normal\" data-sstype=\"layer\"><div class=\" n2-ss-item-image-content n2-ss-item-content n2-ow-all\"><img decoding=\"async\" id=\"n2-ss-1item14\" alt=\"\" class=\"skip-lazy\" loading=\"lazy\" width=\"3000\" height=\"1500\" data-skip-lazy=\"1\" src=\"\/\/www.chaba.com.tr\/wp-content\/uploads\/slider1\/Shape.png\" \/><\/div><\/div><\/div><\/div><\/div><\/div><\/div>                    <\/div>\n\n                                    <\/div>\n            <\/div>\n        <\/div>\n        <div class=\"n2-ss-slider-controls n2-ss-slider-controls-absolute-center-bottom\"><div style=\"--widget-offset:5px;\" class=\"n2-ss-widget n2-ss-control-bullet n2-ow-all n2-ss-control-bullet-horizontal\"><div class=\" nextend-bullet-bar n2-bar-justify-content-center\"><div class=\"n2-bullet n2-style-37b83350d88fb82e7ea26e8ad7887167-dot \" style=\"visibility:hidden;\"><\/div><\/div><\/div><\/div><\/div><\/div><ss3-loader><\/ss3-loader><\/div><\/div><div class=\"n2_clear\"><\/div><\/div><\/ss3-force-full-width><\/div>\n\n\n<h2 class=\"wp-block-heading has-text-align-center\">REFERANSLARIMIZ<\/h2>\n\n\n\t\n\t\t<div id=\"gs_logo_area_2\" class=\"gs_logo_area gs_logo_area_2 slider1\" style=\"opacity: 0; visibility: hidden;\">\n\t\t\t<div class=\"gs_logo_area--inner\">\n\t\n\t\t\t\t\n<div class=\"gs_logo_container gs_carousel_swiper gs_logo_fix_height_and_center\" data-carousel-config='{\"direction\":\"horizontal\",\"speed\":500,\"isAutoplay\":true,\"autoplayDelay\":2000,\"loop\":true,\"pauseOnHover\":true,\"ticker\":false,\"navs\":true,\"navs_pos\":\"bottom\",\"dots\":false,\"dynamic_dots\":true,\"slideSpace\":30,\"slidesPerGroup\":1,\"desktopLogos\":4,\"tabletLogos\":3,\"mobileLogos\":3,\"reverseDirection\":false}'>\n\n\t\n\t\t\n\t\t\t<div class=\"gs_logo_single--wrapper\">\n\t\t\t\t<div class=\"gs_logo_single\">\n\n\t\t\t\t\t<!-- Logo Img -->\n\t\t\t\t\t<img loading=\"lazy\" decoding=\"async\" width=\"300\" height=\"157\" src=\"https:\/\/www.chaba.com.tr\/wp-content\/uploads\/2024\/10\/nurus-logo-300x157.webp\" class=\"gray gs_logo--tooltip gs-logo--img wp-post-image\" alt=\"\" title=\"Nurus\" srcset=\"https:\/\/www.chaba.com.tr\/wp-content\/uploads\/2024\/10\/nurus-logo-300x157.webp 300w, https:\/\/www.chaba.com.tr\/wp-content\/uploads\/2024\/10\/nurus-logo-1024x536.webp 1024w, https:\/\/www.chaba.com.tr\/wp-content\/uploads\/2024\/10\/nurus-logo-768x402.webp 768w, https:\/\/www.chaba.com.tr\/wp-content\/uploads\/2024\/10\/nurus-logo.webp 1200w\" sizes=\"(max-width: 300px) 100vw, 300px\" \/>\n\t\t\t\t\t<!-- Logo Title -->\n\t\t\t\t\t\t\t\t\t\t\n\t\t\t\t\t<!-- Logo Category -->\n\t\t\t\t\t\t\t\t\t\t\n\t\t\t\t<\/div>\n\t\t\t<\/div>\n\n\t\t\n\t\t\t<div class=\"gs_logo_single--wrapper\">\n\t\t\t\t<div class=\"gs_logo_single\">\n\n\t\t\t\t\t<!-- Logo Img -->\n\t\t\t\t\t<img loading=\"lazy\" decoding=\"async\" width=\"300\" height=\"300\" src=\"https:\/\/www.chaba.com.tr\/wp-content\/uploads\/2024\/10\/unnamed-300x300.jpg\" class=\"gray gs_logo--tooltip gs-logo--img wp-post-image\" alt=\"\" title=\"T\u00fcbitak\" srcset=\"https:\/\/www.chaba.com.tr\/wp-content\/uploads\/2024\/10\/unnamed-300x300.jpg 300w, https:\/\/www.chaba.com.tr\/wp-content\/uploads\/2024\/10\/unnamed-150x150.jpg 150w, https:\/\/www.chaba.com.tr\/wp-content\/uploads\/2024\/10\/unnamed-768x768.jpg 768w, https:\/\/www.chaba.com.tr\/wp-content\/uploads\/2024\/10\/unnamed.jpg 900w\" sizes=\"(max-width: 300px) 100vw, 300px\" \/>\n\t\t\t\t\t<!-- Logo Title -->\n\t\t\t\t\t\t\t\t\t\t\n\t\t\t\t\t<!-- Logo Category -->\n\t\t\t\t\t\t\t\t\t\t\n\t\t\t\t<\/div>\n\t\t\t<\/div>\n\n\t\t\n\t\t\t<div class=\"gs_logo_single--wrapper\">\n\t\t\t\t<div class=\"gs_logo_single\">\n\n\t\t\t\t\t<!-- Logo Img -->\n\t\t\t\t\t<img loading=\"lazy\" decoding=\"async\" width=\"300\" height=\"125\" src=\"https:\/\/www.chaba.com.tr\/wp-content\/uploads\/2020\/08\/39qIDtAUJRdnM8brZ8ImyjcRGbDfSx1X2Os3uP1UO3jEuYJw1jnzcYuwmojgPMeq-300x125.png\" class=\"gray gs_logo--tooltip gs-logo--img wp-post-image\" alt=\"\" title=\"Tusas\" srcset=\"https:\/\/www.chaba.com.tr\/wp-content\/uploads\/2020\/08\/39qIDtAUJRdnM8brZ8ImyjcRGbDfSx1X2Os3uP1UO3jEuYJw1jnzcYuwmojgPMeq-300x125.png 300w, https:\/\/www.chaba.com.tr\/wp-content\/uploads\/2020\/08\/39qIDtAUJRdnM8brZ8ImyjcRGbDfSx1X2Os3uP1UO3jEuYJw1jnzcYuwmojgPMeq-1024x428.png 1024w, https:\/\/www.chaba.com.tr\/wp-content\/uploads\/2020\/08\/39qIDtAUJRdnM8brZ8ImyjcRGbDfSx1X2Os3uP1UO3jEuYJw1jnzcYuwmojgPMeq-768x321.png 768w, https:\/\/www.chaba.com.tr\/wp-content\/uploads\/2020\/08\/39qIDtAUJRdnM8brZ8ImyjcRGbDfSx1X2Os3uP1UO3jEuYJw1jnzcYuwmojgPMeq-1536x642.png 1536w, https:\/\/www.chaba.com.tr\/wp-content\/uploads\/2020\/08\/39qIDtAUJRdnM8brZ8ImyjcRGbDfSx1X2Os3uP1UO3jEuYJw1jnzcYuwmojgPMeq.png 1920w\" sizes=\"(max-width: 300px) 100vw, 300px\" \/>\n\t\t\t\t\t<!-- Logo Title -->\n\t\t\t\t\t\t\t\t\t\t\n\t\t\t\t\t<!-- Logo Category -->\n\t\t\t\t\t\t\t\t\t\t\n\t\t\t\t<\/div>\n\t\t\t<\/div>\n\n\t\t\n\t\t\t<div class=\"gs_logo_single--wrapper\">\n\t\t\t\t<div class=\"gs_logo_single\">\n\n\t\t\t\t\t<!-- Logo Img -->\n\t\t\t\t\t<img loading=\"lazy\" decoding=\"async\" width=\"300\" height=\"104\" src=\"https:\/\/www.chaba.com.tr\/wp-content\/uploads\/2020\/08\/1cRRdpHlEFE2v7U4boKfcmAdSU3uSOcsTRMa2AkRj7F6BuTDSdnpoviyzlbqFPzW-300x104.png\" class=\"gray gs_logo--tooltip gs-logo--img wp-post-image\" alt=\"\" title=\"Punto\" srcset=\"https:\/\/www.chaba.com.tr\/wp-content\/uploads\/2020\/08\/1cRRdpHlEFE2v7U4boKfcmAdSU3uSOcsTRMa2AkRj7F6BuTDSdnpoviyzlbqFPzW-300x104.png 300w, https:\/\/www.chaba.com.tr\/wp-content\/uploads\/2020\/08\/1cRRdpHlEFE2v7U4boKfcmAdSU3uSOcsTRMa2AkRj7F6BuTDSdnpoviyzlbqFPzW.png 338w\" sizes=\"(max-width: 300px) 100vw, 300px\" \/>\n\t\t\t\t\t<!-- Logo Title -->\n\t\t\t\t\t\t\t\t\t\t\n\t\t\t\t\t<!-- Logo Category -->\n\t\t\t\t\t\t\t\t\t\t\n\t\t\t\t<\/div>\n\t\t\t<\/div>\n\n\t\t\n\t\t\t<div class=\"gs_logo_single--wrapper\">\n\t\t\t\t<div class=\"gs_logo_single\">\n\n\t\t\t\t\t<!-- Logo Img -->\n\t\t\t\t\t<img loading=\"lazy\" decoding=\"async\" width=\"300\" height=\"97\" src=\"https:\/\/www.chaba.com.tr\/wp-content\/uploads\/2020\/08\/63PGlA4c44IxrUowg1X32ODMmjx9U1ArKknHetPbLEkCqEAx15tXYbQKCXRHPwNY-300x97.png\" class=\"gray gs_logo--tooltip gs-logo--img wp-post-image\" alt=\"\" title=\"Ferre\" srcset=\"https:\/\/www.chaba.com.tr\/wp-content\/uploads\/2020\/08\/63PGlA4c44IxrUowg1X32ODMmjx9U1ArKknHetPbLEkCqEAx15tXYbQKCXRHPwNY-300x97.png 300w, https:\/\/www.chaba.com.tr\/wp-content\/uploads\/2020\/08\/63PGlA4c44IxrUowg1X32ODMmjx9U1ArKknHetPbLEkCqEAx15tXYbQKCXRHPwNY.png 553w\" sizes=\"(max-width: 300px) 100vw, 300px\" \/>\n\t\t\t\t\t<!-- Logo Title -->\n\t\t\t\t\t\t\t\t\t\t\n\t\t\t\t\t<!-- Logo Category -->\n\t\t\t\t\t\t\t\t\t\t\n\t\t\t\t<\/div>\n\t\t\t<\/div>\n\n\t\t\n\t\t\t<div class=\"gs_logo_single--wrapper\">\n\t\t\t\t<div class=\"gs_logo_single\">\n\n\t\t\t\t\t<!-- Logo Img -->\n\t\t\t\t\t<img loading=\"lazy\" decoding=\"async\" width=\"300\" height=\"124\" src=\"https:\/\/www.chaba.com.tr\/wp-content\/uploads\/2020\/08\/logo-300x124.png\" class=\"gray gs_logo--tooltip gs-logo--img wp-post-image\" alt=\"\" title=\"Tofa\u015f\" srcset=\"https:\/\/www.chaba.com.tr\/wp-content\/uploads\/2020\/08\/logo-300x124.png 300w, https:\/\/www.chaba.com.tr\/wp-content\/uploads\/2020\/08\/logo.png 489w\" sizes=\"(max-width: 300px) 100vw, 300px\" \/>\n\t\t\t\t\t<!-- Logo Title -->\n\t\t\t\t\t\t\t\t\t\t\n\t\t\t\t\t<!-- Logo Category -->\n\t\t\t\t\t\t\t\t\t\t\n\t\t\t\t<\/div>\n\t\t\t<\/div>\n\n\t\t\t\t\n\t\n<\/div>\t\t\t<\/div>\n\t\t<\/div>\n\t\n\t\t<style>#gs_logo_area_2:not(.verticaltickerdown):not(.verticalticker) .gs_logo_container{margin-left:-15px}#gs_logo_area_2:not(.verticaltickerdown):not(.verticalticker) .gs_logo_container{margin-right:-15px}#gs_logo_area_2:not(.verticaltickerdown):not(.verticalticker) .gs_logo_single--wrapper{padding:15px}#gs_logo_area_2 ul.gs-logo-filter-cats{text-align:center!important}#gs_logo_area_2 .gs_logo_single--wrapper{width:25%}@media (max-width:1023px){#gs_logo_area_2 .gs_logo_single--wrapper{width:33.333333333333%}}@media (max-width:767px){#gs_logo_area_2 .gs_logo_single--wrapper{width:33.333333333333%}}<\/style>\n\n\n<br>\n\n\n\n<h2 class=\"wp-block-heading\"><\/h2>\n","protected":false},"excerpt":{"rendered":"<p>Hakk\u0131m\u0131zda Chaba M\u00fchendislik olarak, m\u00fchendislik d\u00fcnyas\u0131nda yenilik\u00e7i ve g\u00fcvenilir \u00e7\u00f6z\u00fcmler sunmak i\u00e7in buraday\u0131z. Y\u00fcksek standartlarda tasar\u0131m, analiz, optimizasyon, tersine m\u00fchendislik, dan\u0131\u015fmanl\u0131k, prototip \u00fcretimi ve test takibi hizmetleriyle m\u00fc\u015fterilerimizin projelerine de\u011fer katmay\u0131 hedefliyoruz. Otomotiv, havac\u0131l\u0131k, savunma sanayii ve daha bir\u00e7ok sekt\u00f6rdeki deneyimimizle, projelerinizi daha verimli, dayan\u0131kl\u0131 ve s\u00fcrd\u00fcr\u00fclebilir hale getirmek i\u00e7in [&hellip;]<\/p>\n","protected":false},"author":1,"featured_media":0,"parent":0,"menu_order":0,"comment_status":"closed","ping_status":"closed","template":"","meta":{"footnotes":""},"_links":{"self":[{"href":"https:\/\/www.chaba.com.tr\/index.php\/wp-json\/wp\/v2\/pages\/12"}],"collection":[{"href":"https:\/\/www.chaba.com.tr\/index.php\/wp-json\/wp\/v2\/pages"}],"about":[{"href":"https:\/\/www.chaba.com.tr\/index.php\/wp-json\/wp\/v2\/types\/page"}],"author":[{"embeddable":true,"href":"https:\/\/www.chaba.com.tr\/index.php\/wp-json\/wp\/v2\/users\/1"}],"replies":[{"embeddable":true,"href":"https:\/\/www.chaba.com.tr\/index.php\/wp-json\/wp\/v2\/comments?post=12"}],"version-history":[{"count":26,"href":"https:\/\/www.chaba.com.tr\/index.php\/wp-json\/wp\/v2\/pages\/12\/revisions"}],"predecessor-version":[{"id":740,"href":"https:\/\/www.chaba.com.tr\/index.php\/wp-json\/wp\/v2\/pages\/12\/revisions\/740"}],"wp:attachment":[{"href":"https:\/\/www.chaba.com.tr\/index.php\/wp-json\/wp\/v2\/media?parent=12"}],"curies":[{"name":"wp","href":"https:\/\/api.w.org\/{rel}","templated":true}]}}